{"id":1407,"date":"2017-06-07T11:58:46","date_gmt":"2017-06-07T11:58:46","guid":{"rendered":"http:\/\/demo-df41a8f1.buergerbus-steinfurt.de\/?page_id=1407"},"modified":"2017-06-07T14:39:34","modified_gmt":"2017-06-07T14:39:34","slug":"chronik","status":"publish","type":"page","link":"https:\/\/buergerbus-steinfurt.de\/?page_id=1407","title":{"rendered":"Chronik"},"content":{"rendered":"<h4>17. November 2010<\/h4>\n<p><strong>Gr\u00fcndung des Vereins im B\u00fcrgersaal des Rathauses Steinfurt<\/strong><\/p>\n<p>35 M\u00e4nner und Frauen treten dem Verein bei und w\u00e4hlen den Vorstand (Bild): 1. Vorsitzender Ferdinand Brust, 2. Vorsitzender Herbert Hille, Kassenwart Rainer Sestendrup, Schriftf\u00fchrer Manfred Entrup, Fahrdienstleiter Wolfgang Linow und die Beisitzer Erich H\u00fclsey, Reimar Bage, Alfred Serafin und Rudolf Diekmann. Kassenpr\u00fcfer wurden Erich Wegjahn und Alfred G\u00f6cke.<\/p>\n<p><img loading=\"lazy\" decoding=\"async\" class=\"aligncenter size-large wp-image-1403\" src=\"https:\/\/buergerbus-steinfurt.de\/\/wp-content\/uploads\/2017\/06\/gruendung-1024x419.jpg\" alt=\"\" width=\"800\" height=\"327\" srcset=\"https:\/\/buergerbus-steinfurt.de\/wp-content\/uploads\/2017\/06\/gruendung-1024x419.jpg 1024w, https:\/\/buergerbus-steinfurt.de\/wp-content\/uploads\/2017\/06\/gruendung-300x123.jpg 300w, https:\/\/buergerbus-steinfurt.de\/wp-content\/uploads\/2017\/06\/gruendung-768x314.jpg 768w, https:\/\/buergerbus-steinfurt.de\/wp-content\/uploads\/2017\/06\/gruendung.jpg 1386w\" sizes=\"auto, (max-width: 800px) 100vw, 800px\" \/><\/p>\n<h4>26. November 2011<\/h4>\n<p><strong>Weihe und Probefahrt mit Prominenz<\/strong><\/p>\n<p>Nach knapp einj\u00e4hriger Vorbereitungsphase wird der B\u00fcrgerbus im Rahmen einer Feierstunde von den Geistlichen der beiden christlichen Konfessionen, Pfarrer Wernsmann und Pfarrer Erdmann, gesegnet und startet zu einer ersten Probefahrt mit Irmgard Brocks am Steuer.<\/p>\n<p><img loading=\"lazy\" decoding=\"async\" class=\"aligncenter size-large wp-image-1422\" src=\"https:\/\/buergerbus-steinfurt.de\/\/wp-content\/uploads\/2017\/06\/Probefahrt1-1024x706.jpg\" alt=\"\" width=\"800\" height=\"552\" srcset=\"https:\/\/buergerbus-steinfurt.de\/wp-content\/uploads\/2017\/06\/Probefahrt1-1024x706.jpg 1024w, https:\/\/buergerbus-steinfurt.de\/wp-content\/uploads\/2017\/06\/Probefahrt1-300x207.jpg 300w, https:\/\/buergerbus-steinfurt.de\/wp-content\/uploads\/2017\/06\/Probefahrt1-768x530.jpg 768w, https:\/\/buergerbus-steinfurt.de\/wp-content\/uploads\/2017\/06\/Probefahrt1.jpg 1134w\" sizes=\"auto, (max-width: 800px) 100vw, 800px\" \/><\/p>\n<h4>Dezember 2011<\/h4>\n<p><strong>Der B\u00fcrgerbus nimmt den Fahrbetrieb auf<\/strong><\/p>\n<p>Erster Fahrgast des B\u00fcrgerbusses ist Frau Borgmann aus Borghorst, die, wie sp\u00e4ter alle anderen Fahrg\u00e4ste der Jungfernfahrt, vom 1. Vorsitzenden Ferdinand Brust eine Rose \u00fcberreicht bekommt. (Foto: Axel Roll, WN)<\/p>\n<p><img loading=\"lazy\" decoding=\"async\" class=\"aligncenter size-large wp-image-1412\" src=\"https:\/\/buergerbus-steinfurt.de\/\/wp-content\/uploads\/2017\/06\/1.-Fahrgast-1024x681.jpg\" alt=\"\" width=\"800\" height=\"532\" srcset=\"https:\/\/buergerbus-steinfurt.de\/wp-content\/uploads\/2017\/06\/1.-Fahrgast-1024x681.jpg 1024w, https:\/\/buergerbus-steinfurt.de\/wp-content\/uploads\/2017\/06\/1.-Fahrgast-300x200.jpg 300w, https:\/\/buergerbus-steinfurt.de\/wp-content\/uploads\/2017\/06\/1.-Fahrgast-768x511.jpg 768w\" sizes=\"auto, (max-width: 800px) 100vw, 800px\" \/><\/p>\n<p>Die \u00f6rtlichen Medien berichten ausf\u00fchrlich \u00fcber den gelungenen Start (Bild: Bericht der M\u00fcnsterschen Zeitung)<\/p>\n<p><img loading=\"lazy\" decoding=\"async\" class=\"aligncenter size-large wp-image-1421\" src=\"https:\/\/buergerbus-steinfurt.de\/\/wp-content\/uploads\/2017\/06\/Presserbericht-\u00fcber-Start-635x1024.jpg\" alt=\"\" width=\"635\" height=\"1024\" srcset=\"https:\/\/buergerbus-steinfurt.de\/wp-content\/uploads\/2017\/06\/Presserbericht-\u00fcber-Start-635x1024.jpg 635w, https:\/\/buergerbus-steinfurt.de\/wp-content\/uploads\/2017\/06\/Presserbericht-\u00fcber-Start-186x300.jpg 186w, https:\/\/buergerbus-steinfurt.de\/wp-content\/uploads\/2017\/06\/Presserbericht-\u00fcber-Start-768x1239.jpg 768w\" sizes=\"auto, (max-width: 635px) 100vw, 635px\" \/><\/p>\n<h4>Januar 2012<\/h4>\n<p><strong>Erstes Busfahrer-Treffen im Rathaus \/B\u00fcrgerbus-Verein hat eigenes Domizil\/ Mitgliederzahl steigt weiter<\/strong><\/p>\n<p>Das erste Treffen der k\u00fcnftigen Fahrerinnen und Fahrer des Steinfurter B\u00fcrgerbusses findet am kommenden Dienstag, 25 Januar 2011, um 18 Uhr im B\u00fcrgersaal des Steinfurter Rathauses im Ortsteil Borghorst statt. Darauf verst\u00e4ndigte sich der Vorstand des Vereins B\u00fcrgerbus Steinfurt auf seiner ersten Sitzung im neuen Jahr. Vorsitzender Ferdinand Brust begr\u00fc\u00dfte seine Mitstreiter dazu im neuen Domizil des Vereins, der ehemaligen Bahnhofsgastst\u00e4tte in Borghorst. Die dort vorhandenen R\u00e4umlichkeiten teilt sich der B\u00fcrgerbus-Verein mit dem Eisenbahn-Club Nordwest-M\u00fcnsterland.Brust gab bekannt, dass der Verein inzwischen 70 Mitglieder z\u00e4hlt, darunter 41 M\u00e4nner und Frauen, die sich als Busfahrer beworben haben.<\/p>\n<p>&nbsp;<\/p>\n<h4>Februar 2012<\/h4>\n<p><strong>Marlies Elfers ist der 1000. Fahrgast<\/strong><\/p>\n<p>Ferdi Brust \u00fcberreicht einen Blumenstrau\u00df. Im Hintergrund Fahrdienstleiter Wolfgang Linow und sein Stellvertreter Alfred Serafin<\/p>\n<p><img loading=\"lazy\" decoding=\"async\" class=\"aligncenter size-large wp-image-1415\" src=\"https:\/\/buergerbus-steinfurt.de\/\/wp-content\/uploads\/2017\/06\/1000.-Fahrgast-2-2-1024x911.jpg\" alt=\"\" width=\"800\" height=\"712\" srcset=\"https:\/\/buergerbus-steinfurt.de\/wp-content\/uploads\/2017\/06\/1000.-Fahrgast-2-2-1024x911.jpg 1024w, https:\/\/buergerbus-steinfurt.de\/wp-content\/uploads\/2017\/06\/1000.-Fahrgast-2-2-300x267.jpg 300w, https:\/\/buergerbus-steinfurt.de\/wp-content\/uploads\/2017\/06\/1000.-Fahrgast-2-2-768x684.jpg 768w, https:\/\/buergerbus-steinfurt.de\/wp-content\/uploads\/2017\/06\/1000.-Fahrgast-2-2.jpg 1875w\" sizes=\"auto, (max-width: 800px) 100vw, 800px\" \/><\/p>\n<h4>August 2012<\/h4>\n<p><strong>Erste Danke-sch\u00f6n-Party f\u00fcr B\u00fcrgerbus-Lenker<\/strong><\/p>\n<p>Am F\u00fcchtensee in Ostendorf wurde die Tradition der \u201eDanke-sch\u00f6n-Party\u201c f\u00fcr die Frauen und M\u00e4nner am Lenkrad des B\u00fcrgerbusses begr\u00fcndet. Sie findet jedes Jahr im Sommer an inzwischen wechselnden Orten im Bereich der Stadt Steinfurt statt.<\/p>\n<p><img loading=\"lazy\" decoding=\"async\" class=\"aligncenter size-large wp-image-1420\" src=\"https:\/\/buergerbus-steinfurt.de\/\/wp-content\/uploads\/2017\/06\/Party-1024x683.jpg\" alt=\"\" width=\"800\" height=\"534\" srcset=\"https:\/\/buergerbus-steinfurt.de\/wp-content\/uploads\/2017\/06\/Party-1024x683.jpg 1024w, https:\/\/buergerbus-steinfurt.de\/wp-content\/uploads\/2017\/06\/Party-300x200.jpg 300w, https:\/\/buergerbus-steinfurt.de\/wp-content\/uploads\/2017\/06\/Party-768x512.jpg 768w\" sizes=\"auto, (max-width: 800px) 100vw, 800px\" \/><\/p>\n<h4>November 2012<\/h4>\n<p><strong>Christa Koczubik 5000. Fahrgast im B\u00fcrgerbus<\/strong><\/p>\n<p><img loading=\"lazy\" decoding=\"async\" class=\"aligncenter size-large wp-image-1416\" src=\"https:\/\/buergerbus-steinfurt.de\/\/wp-content\/uploads\/2017\/06\/5000.-Fahrgast-1024x683.jpg\" alt=\"\" width=\"800\" height=\"534\" srcset=\"https:\/\/buergerbus-steinfurt.de\/wp-content\/uploads\/2017\/06\/5000.-Fahrgast-1024x683.jpg 1024w, https:\/\/buergerbus-steinfurt.de\/wp-content\/uploads\/2017\/06\/5000.-Fahrgast-300x200.jpg 300w, https:\/\/buergerbus-steinfurt.de\/wp-content\/uploads\/2017\/06\/5000.-Fahrgast-768x512.jpg 768w\" sizes=\"auto, (max-width: 800px) 100vw, 800px\" \/><\/p>\n<h4>Weihnachtsfeiern seit 2012<\/h4>\n<p>Es ist ein sch\u00f6ner Brauch, Anfang Dezember eines jeden Jahres den Fahrerinnen und Fahrern f\u00fcr ihren ehrenamtlichen Einsatz zu danken. Das besorgte bis 2014 der inzwischen leider verstorbene Helmut H\u00f6tker in der Verkleidung des \u201eHeiligen Manns\u201c mit wohlgesetzten Worten aus seinem goldenen Buch und zus\u00e4tzlichen Blumenstr\u00e4u\u00dfen f\u00fcr die Damen, die zum Sommerfest leckere Salate zubereitet hatten. Seit 2015 \u00fcbernehmen die Aufgabe der Vorsitzende und seine Stellvertreterin Margarete Zellerhoff gemeinsam mit Gesch\u00e4ftsf\u00fchrer Manfred Entrup.<\/p>\n<p><img loading=\"lazy\" decoding=\"async\" class=\"aligncenter size-large wp-image-1417\" src=\"https:\/\/buergerbus-steinfurt.de\/\/wp-content\/uploads\/2017\/06\/Blumen-f\u00fcr-die-Damen-1024x683.jpg\" alt=\"\" width=\"800\" height=\"534\" srcset=\"https:\/\/buergerbus-steinfurt.de\/wp-content\/uploads\/2017\/06\/Blumen-f\u00fcr-die-Damen-1024x683.jpg 1024w, https:\/\/buergerbus-steinfurt.de\/wp-content\/uploads\/2017\/06\/Blumen-f\u00fcr-die-Damen-300x200.jpg 300w, https:\/\/buergerbus-steinfurt.de\/wp-content\/uploads\/2017\/06\/Blumen-f\u00fcr-die-Damen-768x512.jpg 768w\" sizes=\"auto, (max-width: 800px) 100vw, 800px\" \/><\/p>\n<h4>\u201eFahrt ins Blaue\u201c<\/h4>\n<p>Seit 2015 ist die \u201eFahrt ins Blaue\u201c ein weiteres Highlight im Jahresablauf der B\u00fcrgerbusfahrer. Die erste Tour, dessen Ziel bis zum Abfahrtstag geheim gehalten wird, war Bremen mit Besichtigung der Mercedes-Produktion (Bild) und der Brauerei Becks. 2016 waren der D\u00fcsseldorfer Flughafen und der Besuch der Privatbrauerei \u201eZum Schl\u00fcssel\u201c in der Altstadt Zielpunkte.<\/p>\n<p><img loading=\"lazy\" decoding=\"async\" class=\"aligncenter size-large wp-image-1405\" src=\"https:\/\/buergerbus-steinfurt.de\/\/wp-content\/uploads\/2017\/06\/fb-1024x768.jpg\" alt=\"\" width=\"800\" height=\"600\" srcset=\"https:\/\/buergerbus-steinfurt.de\/wp-content\/uploads\/2017\/06\/fb-1024x768.jpg 1024w, https:\/\/buergerbus-steinfurt.de\/wp-content\/uploads\/2017\/06\/fb-300x225.jpg 300w, https:\/\/buergerbus-steinfurt.de\/wp-content\/uploads\/2017\/06\/fb-768x576.jpg 768w, https:\/\/buergerbus-steinfurt.de\/wp-content\/uploads\/2017\/06\/fb.jpg 1386w\" sizes=\"auto, (max-width: 800px) 100vw, 800px\" \/><\/p>\n<p>&nbsp;<\/p>\n<h4>Weitere Jubil\u00e4umsfahrg\u00e4ste<\/h4>\n<p><strong>Angela B\u00f6cker 10.000. Fahrgast Oktober 2013<\/strong><\/p>\n<p><img loading=\"lazy\" decoding=\"async\" class=\"aligncenter size-large wp-image-1419\" src=\"https:\/\/buergerbus-steinfurt.de\/\/wp-content\/uploads\/2017\/06\/Frau-B\u00f6cker-10.000.-Fahrgast-1024x1024.jpg\" alt=\"\" width=\"800\" height=\"800\" srcset=\"https:\/\/buergerbus-steinfurt.de\/wp-content\/uploads\/2017\/06\/Frau-B\u00f6cker-10.000.-Fahrgast-1024x1024.jpg 1024w, https:\/\/buergerbus-steinfurt.de\/wp-content\/uploads\/2017\/06\/Frau-B\u00f6cker-10.000.-Fahrgast-150x150.jpg 150w, https:\/\/buergerbus-steinfurt.de\/wp-content\/uploads\/2017\/06\/Frau-B\u00f6cker-10.000.-Fahrgast-300x300.jpg 300w, https:\/\/buergerbus-steinfurt.de\/wp-content\/uploads\/2017\/06\/Frau-B\u00f6cker-10.000.-Fahrgast-768x768.jpg 768w\" sizes=\"auto, (max-width: 800px) 100vw, 800px\" \/><br \/>\n<strong>Britta Hoge 20.000. Fahrgast Ende Januar 2015<\/strong><\/p>\n<p><img loading=\"lazy\" decoding=\"async\" class=\"aligncenter size-large wp-image-1413\" src=\"https:\/\/buergerbus-steinfurt.de\/\/wp-content\/uploads\/2017\/06\/20.000.-Fahrgast-B\u00fcrgerbus-1024x640.jpg\" alt=\"\" width=\"800\" height=\"500\" srcset=\"https:\/\/buergerbus-steinfurt.de\/wp-content\/uploads\/2017\/06\/20.000.-Fahrgast-B\u00fcrgerbus-1024x640.jpg 1024w, https:\/\/buergerbus-steinfurt.de\/wp-content\/uploads\/2017\/06\/20.000.-Fahrgast-B\u00fcrgerbus-300x187.jpg 300w, https:\/\/buergerbus-steinfurt.de\/wp-content\/uploads\/2017\/06\/20.000.-Fahrgast-B\u00fcrgerbus-768x480.jpg 768w, https:\/\/buergerbus-steinfurt.de\/wp-content\/uploads\/2017\/06\/20.000.-Fahrgast-B\u00fcrgerbus-480x300.jpg 480w, https:\/\/buergerbus-steinfurt.de\/wp-content\/uploads\/2017\/06\/20.000.-Fahrgast-B\u00fcrgerbus-640x400.jpg 640w\" sizes=\"auto, (max-width: 800px) 100vw, 800px\" \/><\/p>\n<p><strong>25.000. Fahrgast: Ulrich Tenbrink September 2015<\/strong><\/p>\n<p><img loading=\"lazy\" decoding=\"async\" class=\"aligncenter size-large wp-image-1414\" src=\"https:\/\/buergerbus-steinfurt.de\/\/wp-content\/uploads\/2017\/06\/25.000-FahrgastB\u00fcBus-1024x683.jpg\" alt=\"\" width=\"800\" height=\"534\" srcset=\"https:\/\/buergerbus-steinfurt.de\/wp-content\/uploads\/2017\/06\/25.000-FahrgastB\u00fcBus-1024x683.jpg 1024w, https:\/\/buergerbus-steinfurt.de\/wp-content\/uploads\/2017\/06\/25.000-FahrgastB\u00fcBus-300x200.jpg 300w, https:\/\/buergerbus-steinfurt.de\/wp-content\/uploads\/2017\/06\/25.000-FahrgastB\u00fcBus-768x512.jpg 768w\" sizes=\"auto, (max-width: 800px) 100vw, 800px\" \/><\/p>\n","protected":false},"excerpt":{"rendered":"<p>17. November 2010 Gr\u00fcndung des Vereins im B\u00fcrgersaal des Rathauses Steinfurt 35 M\u00e4nner und Frauen treten dem Verein bei und w\u00e4hlen den Vorstand (Bild): 1. Vorsitzender Ferdinand Brust, 2. Vorsitzender &#8230;<\/p>\n","protected":false},"author":1,"featured_media":0,"parent":0,"menu_order":0,"comment_status":"closed","ping_status":"closed","template":"","meta":{"footnotes":""},"class_list":["post-1407","page","type-page","status-publish","hentry"],"yoast_head":"<!-- This site is optimized with the Yoast SEO plugin v27.5 - https:\/\/yoast.com\/product\/yoast-seo-wordpress\/ -->\n<title>Chronik - B\u00fcrgerbus Steinfurt<\/title>\n<meta name=\"robots\" content=\"index, follow, max-snippet:-1, max-image-preview:large, max-video-preview:-1\" \/>\n<link rel=\"canonical\" href=\"https:\/\/buergerbus-steinfurt.de\/?page_id=1407\" \/>\n<meta property=\"og:locale\" content=\"de_DE\" \/>\n<meta property=\"og:type\" content=\"article\" \/>\n<meta property=\"og:title\" content=\"Chronik - B\u00fcrgerbus Steinfurt\" \/>\n<meta property=\"og:description\" content=\"17. November 2010 Gr\u00fcndung des Vereins im B\u00fcrgersaal des Rathauses Steinfurt 35 M\u00e4nner und Frauen treten dem Verein bei und w\u00e4hlen den Vorstand (Bild): 1. Vorsitzender Ferdinand Brust, 2. Vorsitzender ...\" \/>\n<meta property=\"og:url\" content=\"https:\/\/buergerbus-steinfurt.de\/?page_id=1407\" \/>\n<meta property=\"og:site_name\" content=\"B\u00fcrgerbus Steinfurt\" \/>\n<meta property=\"article:modified_time\" content=\"2017-06-07T14:39:34+00:00\" \/>\n<meta property=\"og:image\" content=\"https:\/\/buergerbus-steinfurt.de\/\/wp-content\/uploads\/2017\/06\/gruendung-1024x419.jpg\" \/>\n<meta name=\"twitter:card\" content=\"summary_large_image\" \/>\n<meta name=\"twitter:label1\" content=\"Gesch\u00e4tzte Lesezeit\" \/>\n\t<meta name=\"twitter:data1\" content=\"3\u00a0Minuten\" \/>\n<script type=\"application\/ld+json\" class=\"yoast-schema-graph\">{\"@context\":\"https:\\\/\\\/schema.org\",\"@graph\":[{\"@type\":\"WebPage\",\"@id\":\"https:\\\/\\\/buergerbus-steinfurt.de\\\/?page_id=1407\",\"url\":\"https:\\\/\\\/buergerbus-steinfurt.de\\\/?page_id=1407\",\"name\":\"Chronik - B\u00fcrgerbus Steinfurt\",\"isPartOf\":{\"@id\":\"https:\\\/\\\/buergerbus-steinfurt.de\\\/#website\"},\"primaryImageOfPage\":{\"@id\":\"https:\\\/\\\/buergerbus-steinfurt.de\\\/?page_id=1407#primaryimage\"},\"image\":{\"@id\":\"https:\\\/\\\/buergerbus-steinfurt.de\\\/?page_id=1407#primaryimage\"},\"thumbnailUrl\":\"https:\\\/\\\/buergerbus-steinfurt.de\\\/\\\/wp-content\\\/uploads\\\/2017\\\/06\\\/gruendung-1024x419.jpg\",\"datePublished\":\"2017-06-07T11:58:46+00:00\",\"dateModified\":\"2017-06-07T14:39:34+00:00\",\"breadcrumb\":{\"@id\":\"https:\\\/\\\/buergerbus-steinfurt.de\\\/?page_id=1407#breadcrumb\"},\"inLanguage\":\"de\",\"potentialAction\":[{\"@type\":\"ReadAction\",\"target\":[\"https:\\\/\\\/buergerbus-steinfurt.de\\\/?page_id=1407\"]}]},{\"@type\":\"ImageObject\",\"inLanguage\":\"de\",\"@id\":\"https:\\\/\\\/buergerbus-steinfurt.de\\\/?page_id=1407#primaryimage\",\"url\":\"https:\\\/\\\/buergerbus-steinfurt.de\\\/\\\/wp-content\\\/uploads\\\/2017\\\/06\\\/gruendung-1024x419.jpg\",\"contentUrl\":\"https:\\\/\\\/buergerbus-steinfurt.de\\\/\\\/wp-content\\\/uploads\\\/2017\\\/06\\\/gruendung-1024x419.jpg\"},{\"@type\":\"BreadcrumbList\",\"@id\":\"https:\\\/\\\/buergerbus-steinfurt.de\\\/?page_id=1407#breadcrumb\",\"itemListElement\":[{\"@type\":\"ListItem\",\"position\":1,\"name\":\"Startseite\",\"item\":\"https:\\\/\\\/buergerbus-steinfurt.de\\\/\"},{\"@type\":\"ListItem\",\"position\":2,\"name\":\"Chronik\"}]},{\"@type\":\"WebSite\",\"@id\":\"https:\\\/\\\/buergerbus-steinfurt.de\\\/#website\",\"url\":\"https:\\\/\\\/buergerbus-steinfurt.de\\\/\",\"name\":\"B\u00dcRGERBUS STEINFURT\",\"description\":\"\",\"publisher\":{\"@id\":\"https:\\\/\\\/buergerbus-steinfurt.de\\\/#organization\"},\"potentialAction\":[{\"@type\":\"SearchAction\",\"target\":{\"@type\":\"EntryPoint\",\"urlTemplate\":\"https:\\\/\\\/buergerbus-steinfurt.de\\\/?s={search_term_string}\"},\"query-input\":{\"@type\":\"PropertyValueSpecification\",\"valueRequired\":true,\"valueName\":\"search_term_string\"}}],\"inLanguage\":\"de\"},{\"@type\":\"Organization\",\"@id\":\"https:\\\/\\\/buergerbus-steinfurt.de\\\/#organization\",\"name\":\"B\u00fcrgerbus Steinfurt e.V.\",\"url\":\"https:\\\/\\\/buergerbus-steinfurt.de\\\/\",\"logo\":{\"@type\":\"ImageObject\",\"inLanguage\":\"de\",\"@id\":\"https:\\\/\\\/buergerbus-steinfurt.de\\\/#\\\/schema\\\/logo\\\/image\\\/\",\"url\":\"https:\\\/\\\/buergerbus-steinfurt.de\\\/wp-content\\\/uploads\\\/2022\\\/08\\\/2bb-steinfurt-logo-neu.png\",\"contentUrl\":\"https:\\\/\\\/buergerbus-steinfurt.de\\\/wp-content\\\/uploads\\\/2022\\\/08\\\/2bb-steinfurt-logo-neu.png\",\"width\":293,\"height\":75,\"caption\":\"B\u00fcrgerbus Steinfurt e.V.\"},\"image\":{\"@id\":\"https:\\\/\\\/buergerbus-steinfurt.de\\\/#\\\/schema\\\/logo\\\/image\\\/\"}}]}<\/script>\n<!-- \/ Yoast SEO plugin. -->","yoast_head_json":{"title":"Chronik - B\u00fcrgerbus Steinfurt","robots":{"index":"index","follow":"follow","max-snippet":"max-snippet:-1","max-image-preview":"max-image-preview:large","max-video-preview":"max-video-preview:-1"},"canonical":"https:\/\/buergerbus-steinfurt.de\/?page_id=1407","og_locale":"de_DE","og_type":"article","og_title":"Chronik - B\u00fcrgerbus Steinfurt","og_description":"17. November 2010 Gr\u00fcndung des Vereins im B\u00fcrgersaal des Rathauses Steinfurt 35 M\u00e4nner und Frauen treten dem Verein bei und w\u00e4hlen den Vorstand (Bild): 1. Vorsitzender Ferdinand Brust, 2. Vorsitzender ...","og_url":"https:\/\/buergerbus-steinfurt.de\/?page_id=1407","og_site_name":"B\u00fcrgerbus Steinfurt","article_modified_time":"2017-06-07T14:39:34+00:00","og_image":[{"url":"https:\/\/buergerbus-steinfurt.de\/\/wp-content\/uploads\/2017\/06\/gruendung-1024x419.jpg","type":"","width":"","height":""}],"twitter_card":"summary_large_image","twitter_misc":{"Gesch\u00e4tzte Lesezeit":"3\u00a0Minuten"},"schema":{"@context":"https:\/\/schema.org","@graph":[{"@type":"WebPage","@id":"https:\/\/buergerbus-steinfurt.de\/?page_id=1407","url":"https:\/\/buergerbus-steinfurt.de\/?page_id=1407","name":"Chronik - B\u00fcrgerbus Steinfurt","isPartOf":{"@id":"https:\/\/buergerbus-steinfurt.de\/#website"},"primaryImageOfPage":{"@id":"https:\/\/buergerbus-steinfurt.de\/?page_id=1407#primaryimage"},"image":{"@id":"https:\/\/buergerbus-steinfurt.de\/?page_id=1407#primaryimage"},"thumbnailUrl":"https:\/\/buergerbus-steinfurt.de\/\/wp-content\/uploads\/2017\/06\/gruendung-1024x419.jpg","datePublished":"2017-06-07T11:58:46+00:00","dateModified":"2017-06-07T14:39:34+00:00","breadcrumb":{"@id":"https:\/\/buergerbus-steinfurt.de\/?page_id=1407#breadcrumb"},"inLanguage":"de","potentialAction":[{"@type":"ReadAction","target":["https:\/\/buergerbus-steinfurt.de\/?page_id=1407"]}]},{"@type":"ImageObject","inLanguage":"de","@id":"https:\/\/buergerbus-steinfurt.de\/?page_id=1407#primaryimage","url":"https:\/\/buergerbus-steinfurt.de\/\/wp-content\/uploads\/2017\/06\/gruendung-1024x419.jpg","contentUrl":"https:\/\/buergerbus-steinfurt.de\/\/wp-content\/uploads\/2017\/06\/gruendung-1024x419.jpg"},{"@type":"BreadcrumbList","@id":"https:\/\/buergerbus-steinfurt.de\/?page_id=1407#breadcrumb","itemListElement":[{"@type":"ListItem","position":1,"name":"Startseite","item":"https:\/\/buergerbus-steinfurt.de\/"},{"@type":"ListItem","position":2,"name":"Chronik"}]},{"@type":"WebSite","@id":"https:\/\/buergerbus-steinfurt.de\/#website","url":"https:\/\/buergerbus-steinfurt.de\/","name":"B\u00dcRGERBUS STEINFURT","description":"","publisher":{"@id":"https:\/\/buergerbus-steinfurt.de\/#organization"},"potentialAction":[{"@type":"SearchAction","target":{"@type":"EntryPoint","urlTemplate":"https:\/\/buergerbus-steinfurt.de\/?s={search_term_string}"},"query-input":{"@type":"PropertyValueSpecification","valueRequired":true,"valueName":"search_term_string"}}],"inLanguage":"de"},{"@type":"Organization","@id":"https:\/\/buergerbus-steinfurt.de\/#organization","name":"B\u00fcrgerbus Steinfurt e.V.","url":"https:\/\/buergerbus-steinfurt.de\/","logo":{"@type":"ImageObject","inLanguage":"de","@id":"https:\/\/buergerbus-steinfurt.de\/#\/schema\/logo\/image\/","url":"https:\/\/buergerbus-steinfurt.de\/wp-content\/uploads\/2022\/08\/2bb-steinfurt-logo-neu.png","contentUrl":"https:\/\/buergerbus-steinfurt.de\/wp-content\/uploads\/2022\/08\/2bb-steinfurt-logo-neu.png","width":293,"height":75,"caption":"B\u00fcrgerbus Steinfurt e.V."},"image":{"@id":"https:\/\/buergerbus-steinfurt.de\/#\/schema\/logo\/image\/"}}]}},"_links":{"self":[{"href":"https:\/\/buergerbus-steinfurt.de\/index.php?rest_route=\/wp\/v2\/pages\/1407","targetHints":{"allow":["GET"]}}],"collection":[{"href":"https:\/\/buergerbus-steinfurt.de\/index.php?rest_route=\/wp\/v2\/pages"}],"about":[{"href":"https:\/\/buergerbus-steinfurt.de\/index.php?rest_route=\/wp\/v2\/types\/page"}],"author":[{"embeddable":true,"href":"https:\/\/buergerbus-steinfurt.de\/index.php?rest_route=\/wp\/v2\/users\/1"}],"replies":[{"embeddable":true,"href":"https:\/\/buergerbus-steinfurt.de\/index.php?rest_route=%2Fwp%2Fv2%2Fcomments&post=1407"}],"version-history":[{"count":4,"href":"https:\/\/buergerbus-steinfurt.de\/index.php?rest_route=\/wp\/v2\/pages\/1407\/revisions"}],"predecessor-version":[{"id":1432,"href":"https:\/\/buergerbus-steinfurt.de\/index.php?rest_route=\/wp\/v2\/pages\/1407\/revisions\/1432"}],"wp:attachment":[{"href":"https:\/\/buergerbus-steinfurt.de\/index.php?rest_route=%2Fwp%2Fv2%2Fmedia&parent=1407"}],"curies":[{"name":"wp","href":"https:\/\/api.w.org\/{rel}","templated":true}]}}