{"id":1359,"date":"2017-05-10T17:28:14","date_gmt":"2017-05-10T17:28:14","guid":{"rendered":"http:\/\/demo-df41a8f1.buergerbus-steinfurt.de\/?page_id=1359"},"modified":"2026-03-06T08:32:05","modified_gmt":"2026-03-06T08:32:05","slug":"vereinsbeitritt","status":"publish","type":"page","link":"https:\/\/buergerbus-steinfurt.de\/?page_id=1359","title":{"rendered":"Vereinsbeitritt"},"content":{"rendered":"<p><strong>Haben Sie Interesse am B\u00fcrgerbusprojekt in Steinfurt? Dann werden Sie Mitglied und melden sich mit nachfolgendem Anmeldeformular an.<\/strong><\/p>\n<p><a href=\"https:\/\/buergerbus-steinfurt.de\/wp-content\/uploads\/2023\/10\/Aufnahmeantrag-BBSt_20.10.2023.pdf\" target=\"_blank\" rel=\"noopener\">B\u00fcrgerbus Aufnahmeantrag<\/a><br \/>\n<a href=\"https:\/\/buergerbus-steinfurt.de\/wp-content\/uploads\/2018\/09\/DSGVO_Anlage_3_Einwilligung-BBus-Steinfurt.pdf\" target=\"_blank\" rel=\"noopener\">DSGVO Einwilligung<\/a><\/p>\n<p><strong>Informationspflichten nach Artikel 13 und 14 DSGVO<\/strong><\/p>\n<p>Nach Artikel 13 und 14 EU-DSGVO hat der Verantwortliche einer betroffenen Person, deren Daten er verarbeitet, die in den Artikeln genannten Informationen bereit zu stellen. Dieser Informationspflicht kommt der B\u00fcrgerbusverein Steinfurt e.V. mit diesem Merkblatt nach.<\/p>\n<p><strong>1. Namen und Kontaktdaten des Verantwortlichen sowie gegebenenfalls seiner Vertreter:<\/strong><br \/>\nB\u00fcrgerbus Steinfurt e.V., Waldring 2 , 48565 Steinfurt, gesetzlich vertreten durch den Vorstand nach \u00a7 26 BGB, Vorsitzender Werner Sundermann; Telefon 02551-4887, E-Mail: info@buergerbus-steinfurt.de und Gesch\u00e4ftsf\u00fchrer Michael Diegner, Telefon 02552-7302, E-Mail: info@buergerbus-steinfurt.de<\/p>\n<p><strong>2. Kontaktdaten der f\u00fcr Datenverarbeitung zust\u00e4ndigen Vorstandsmitglieder:<\/strong><br \/>\n* Werner Sundermann, Telefon und E-Mail: wie vorstehend unter 1.<br \/>\n* Michael Diegner &#8211; Gesch\u00e4ftsf\u00fchrer -, Telefon: 02552-7302, E-Mail: wie unter 1.<br \/>\n* Reimar Bage \u2013 stellv. Gesch\u00e4ftsf\u00fchrer-, Telefon: 02551- 2707, E-Mail: wie unter 1.<br \/>\n* Helga Diegner &#8211; Kassenwart -, Telefon 02552 -7302, E-Mail: wie unter 1.<br \/>\n* Friedhelm Breul \u2013 Fahrdienstleiter -, Telefon: 02552-61853, E-Mail: wie unter 1.<\/p>\n<p><strong>3. Zwecke, f\u00fcr die personenbezogenen Daten verarbeitet werden:<\/strong><br \/>\nDie personenbezogenen Daten werden f\u00fcr die Durchf\u00fchrung des Mitgliedschaftsverh\u00e4ltnisses verarbeitet (z.B. Einladung zu Versammlungen, Beitragseinzug, Organisation des Fahrbetriebes). Dar\u00fcber hinaus werden personenbezogene Daten im Zusammenhang mit Vereins Ereignissen<br \/>\neinschlie\u00dflich der Berichterstattung hier\u00fcber auf der Internetseite des Vereins, in Auftritten des Vereins in Sozialen Medien sowie auf Seiten der Fachverb\u00e4nde ver\u00f6ffentlicht und an lokale, regionale und \u00fcberregionale Printmedien \u00fcbermittelt.<\/p>\n<p><strong>4. Rechtsgrundlagen, auf Grund derer die Verarbeitung erfolgt:<\/strong><br \/>\nDie Verarbeitung der personenbezogenen Daten erfolgt in der Regel aufgrund der Erforderlichkeit zur Erf\u00fcllung eines Vertrages gem\u00e4\u00df Artikel 6 Abs. 1 lit. b) DSGVO. Bei den Vertragsverh\u00e4ltnissen handelt es sich in erster Linie um das Mitgliedschaftsverh\u00e4ltnis im Verein. Werden personenbezogene Daten erhoben, ohne dass die Verarbeitung zur Erf\u00fcllung des Vertrages erforderlich ist, erfolgt die Verarbeitung aufgrund einer Einwilligung nach Artikel 6 Abs. 1<br \/>\nlit. a) i.V.m. Artikel 7 DSGVO. Die Ver\u00f6ffentlichung personenbezogener Daten im Internet oder in lokalen, regionalen oder \u00fcberregionalen Printmedien erfolgt zur Wahrung berechtigter Interessen des Vereins (vgl. Artikel 6 Abs. 1 lit. f) DSGVO). Das berechtigte Interesse des Vereins besteht in der Information der \u00d6ffentlichkeit durch Berichtserstattung \u00fcber die Aktivit\u00e4ten des Vereins. In diesem Rahmen werden personenbezogene Daten einschlie\u00dflich von Bildern der Teilnehmer zum Beispiel im Rahmen der Berichterstattung \u00fcber Ereignisse des Vereins ver\u00f6ffentlicht.<\/p>\n<p><strong>5. Die Empf\u00e4nger oder Kategorien von Empf\u00e4ngern der personenbezogenen Daten:<\/strong><br \/>\nDie Daten der Bankverbindung der Mitglieder werden zum Zwecke des Beitragseinzugs an die Kreissparkase Steinfurt,48565 Steinfurt weitergeleitet.<\/p>\n<p><strong>6. Die Dauer, f\u00fcr die die personenbezogenen Daten gespeichert werden oder, falls dies nicht m\u00f6glich ist, die Kriterien f\u00fcr die Festlegung der Dauer:<\/strong><br \/>\nDie personenbezogenen Daten werden f\u00fcr die Dauer der Mitgliedschaft gespeichert. Mit Beendigung der Mitgliedschaft werden die Datenkategorien gem\u00e4\u00df den gesetzlichen Aufbewahrungsfristen weitere zehn Jahre vorgehalten und dann gel\u00f6scht. In der Zeit zwischen Beendigung der Mitgliedschaft und der L\u00f6schung wird die Verarbeitung dieser Daten eingeschr\u00e4nkt. Bestimmte Datenkategorien werden zum Zweck der Vereinschronik im Vereinsarchiv gespeichert. Hierbei handelt es sich um die Kategorien Vorname, Nachname oder Ereignisse, an denen die betroffene Person mitgewirkt hat. Der Speicherung liegt ein berechtigtes Interesse des Vereins an der zeitgeschichtlichen Dokumentation von Ereignissen und Erfolgen zugrunde.<br \/>\nAlle Daten der \u00fcbrigen Kategorien (z.B. Bankdaten, Anschrift, Kontaktdaten) werden mit Beendigung der Mitgliedschaft gel\u00f6scht.<\/p>\n<p><strong>7. Der betroffenen Person stehen unter den in den Artikeln jeweils genannten Voraussetzungen die <\/strong><strong>nachfolgenden Rechte zu:<\/strong><br \/>\n&#8211; das Recht auf Auskunft nach Artikel 15 DSGVO,<br \/>\n&#8211; das Recht auf Berichtigung nach Artikel 16 DSGVO,<br \/>\n&#8211; das Recht auf L\u00f6schung nach Artikel 17 DSGVO,<br \/>\n&#8211; das Recht auf Einschr\u00e4nkung der Verarbeitung nach Artikel 18 DSGVO,<br \/>\n&#8211; das Recht auf Daten\u00fcbertragbarkeit nach Artikel 20 DSGVO,<br \/>\n&#8211; das Widerspruchsrecht nach Artikel 21 DSGVO,<br \/>\n&#8211; das Recht auf Beschwerde bei einer Aufsichtsbeh\u00f6rde nach Artikel 77 DSGVO<br \/>\n&#8211; das Recht, eine erteilte Einwilligung jederzeit widerrufen zu k\u00f6nnen, ohne dass die<br \/>\nRechtm\u00e4\u00dfigkeit der aufgrund der Einwilligung bis zum Widerruf erfolgten Verarbeitung hierdurch ber\u00fchrt wird.<\/p>\n<p><strong>8. Die Quelle, aus der die personenbezogenen Daten stammen:<\/strong><br \/>\nDie personenbezogenen Daten werden grunds\u00e4tzlich im Rahmen des Erwerbs der Mitgliedschaft erhoben.<\/p>\n<p>B\u00fcrgerbus Steinfurt e.V.<\/p>\n","protected":false},"excerpt":{"rendered":"<p>Haben Sie Interesse am B\u00fcrgerbusprojekt in Steinfurt? Dann werden Sie Mitglied und melden sich mit nachfolgendem Anmeldeformular an. B\u00fcrgerbus Aufnahmeantrag DSGVO Einwilligung Informationspflichten nach Artikel 13 und 14 DSGVO Nach &#8230;<\/p>\n","protected":false},"author":1,"featured_media":0,"parent":0,"menu_order":0,"comment_status":"closed","ping_status":"closed","template":"","meta":{"footnotes":""},"class_list":["post-1359","page","type-page","status-publish","hentry"],"yoast_head":"<!-- This site is optimized with the Yoast SEO plugin v27.4 - https:\/\/yoast.com\/product\/yoast-seo-wordpress\/ -->\n<title>Vereinsbeitritt - B\u00fcrgerbus Steinfurt<\/title>\n<meta name=\"robots\" content=\"index, follow, max-snippet:-1, max-image-preview:large, max-video-preview:-1\" \/>\n<link rel=\"canonical\" href=\"https:\/\/buergerbus-steinfurt.de\/?page_id=1359\" \/>\n<meta property=\"og:locale\" content=\"de_DE\" \/>\n<meta property=\"og:type\" content=\"article\" \/>\n<meta property=\"og:title\" content=\"Vereinsbeitritt - B\u00fcrgerbus Steinfurt\" \/>\n<meta property=\"og:description\" content=\"Haben Sie Interesse am B\u00fcrgerbusprojekt in Steinfurt? Dann werden Sie Mitglied und melden sich mit nachfolgendem Anmeldeformular an. B\u00fcrgerbus Aufnahmeantrag DSGVO Einwilligung Informationspflichten nach Artikel 13 und 14 DSGVO Nach ...\" \/>\n<meta property=\"og:url\" content=\"https:\/\/buergerbus-steinfurt.de\/?page_id=1359\" \/>\n<meta property=\"og:site_name\" content=\"B\u00fcrgerbus Steinfurt\" \/>\n<meta property=\"article:modified_time\" content=\"2026-03-06T08:32:05+00:00\" \/>\n<meta name=\"twitter:card\" content=\"summary_large_image\" \/>\n<meta name=\"twitter:label1\" content=\"Gesch\u00e4tzte Lesezeit\" \/>\n\t<meta name=\"twitter:data1\" content=\"4\u00a0Minuten\" \/>\n<script type=\"application\/ld+json\" class=\"yoast-schema-graph\">{\"@context\":\"https:\\\/\\\/schema.org\",\"@graph\":[{\"@type\":\"WebPage\",\"@id\":\"https:\\\/\\\/buergerbus-steinfurt.de\\\/?page_id=1359\",\"url\":\"https:\\\/\\\/buergerbus-steinfurt.de\\\/?page_id=1359\",\"name\":\"Vereinsbeitritt - B\u00fcrgerbus Steinfurt\",\"isPartOf\":{\"@id\":\"https:\\\/\\\/buergerbus-steinfurt.de\\\/#website\"},\"datePublished\":\"2017-05-10T17:28:14+00:00\",\"dateModified\":\"2026-03-06T08:32:05+00:00\",\"breadcrumb\":{\"@id\":\"https:\\\/\\\/buergerbus-steinfurt.de\\\/?page_id=1359#breadcrumb\"},\"inLanguage\":\"de\",\"potentialAction\":[{\"@type\":\"ReadAction\",\"target\":[\"https:\\\/\\\/buergerbus-steinfurt.de\\\/?page_id=1359\"]}]},{\"@type\":\"BreadcrumbList\",\"@id\":\"https:\\\/\\\/buergerbus-steinfurt.de\\\/?page_id=1359#breadcrumb\",\"itemListElement\":[{\"@type\":\"ListItem\",\"position\":1,\"name\":\"Startseite\",\"item\":\"https:\\\/\\\/buergerbus-steinfurt.de\\\/\"},{\"@type\":\"ListItem\",\"position\":2,\"name\":\"Vereinsbeitritt\"}]},{\"@type\":\"WebSite\",\"@id\":\"https:\\\/\\\/buergerbus-steinfurt.de\\\/#website\",\"url\":\"https:\\\/\\\/buergerbus-steinfurt.de\\\/\",\"name\":\"B\u00dcRGERBUS STEINFURT\",\"description\":\"\",\"publisher\":{\"@id\":\"https:\\\/\\\/buergerbus-steinfurt.de\\\/#organization\"},\"potentialAction\":[{\"@type\":\"SearchAction\",\"target\":{\"@type\":\"EntryPoint\",\"urlTemplate\":\"https:\\\/\\\/buergerbus-steinfurt.de\\\/?s={search_term_string}\"},\"query-input\":{\"@type\":\"PropertyValueSpecification\",\"valueRequired\":true,\"valueName\":\"search_term_string\"}}],\"inLanguage\":\"de\"},{\"@type\":\"Organization\",\"@id\":\"https:\\\/\\\/buergerbus-steinfurt.de\\\/#organization\",\"name\":\"B\u00fcrgerbus Steinfurt e.V.\",\"url\":\"https:\\\/\\\/buergerbus-steinfurt.de\\\/\",\"logo\":{\"@type\":\"ImageObject\",\"inLanguage\":\"de\",\"@id\":\"https:\\\/\\\/buergerbus-steinfurt.de\\\/#\\\/schema\\\/logo\\\/image\\\/\",\"url\":\"https:\\\/\\\/buergerbus-steinfurt.de\\\/wp-content\\\/uploads\\\/2022\\\/08\\\/2bb-steinfurt-logo-neu.png\",\"contentUrl\":\"https:\\\/\\\/buergerbus-steinfurt.de\\\/wp-content\\\/uploads\\\/2022\\\/08\\\/2bb-steinfurt-logo-neu.png\",\"width\":293,\"height\":75,\"caption\":\"B\u00fcrgerbus Steinfurt e.V.\"},\"image\":{\"@id\":\"https:\\\/\\\/buergerbus-steinfurt.de\\\/#\\\/schema\\\/logo\\\/image\\\/\"}}]}<\/script>\n<!-- \/ Yoast SEO plugin. -->","yoast_head_json":{"title":"Vereinsbeitritt - B\u00fcrgerbus Steinfurt","robots":{"index":"index","follow":"follow","max-snippet":"max-snippet:-1","max-image-preview":"max-image-preview:large","max-video-preview":"max-video-preview:-1"},"canonical":"https:\/\/buergerbus-steinfurt.de\/?page_id=1359","og_locale":"de_DE","og_type":"article","og_title":"Vereinsbeitritt - B\u00fcrgerbus Steinfurt","og_description":"Haben Sie Interesse am B\u00fcrgerbusprojekt in Steinfurt? Dann werden Sie Mitglied und melden sich mit nachfolgendem Anmeldeformular an. B\u00fcrgerbus Aufnahmeantrag DSGVO Einwilligung Informationspflichten nach Artikel 13 und 14 DSGVO Nach ...","og_url":"https:\/\/buergerbus-steinfurt.de\/?page_id=1359","og_site_name":"B\u00fcrgerbus Steinfurt","article_modified_time":"2026-03-06T08:32:05+00:00","twitter_card":"summary_large_image","twitter_misc":{"Gesch\u00e4tzte Lesezeit":"4\u00a0Minuten"},"schema":{"@context":"https:\/\/schema.org","@graph":[{"@type":"WebPage","@id":"https:\/\/buergerbus-steinfurt.de\/?page_id=1359","url":"https:\/\/buergerbus-steinfurt.de\/?page_id=1359","name":"Vereinsbeitritt - B\u00fcrgerbus Steinfurt","isPartOf":{"@id":"https:\/\/buergerbus-steinfurt.de\/#website"},"datePublished":"2017-05-10T17:28:14+00:00","dateModified":"2026-03-06T08:32:05+00:00","breadcrumb":{"@id":"https:\/\/buergerbus-steinfurt.de\/?page_id=1359#breadcrumb"},"inLanguage":"de","potentialAction":[{"@type":"ReadAction","target":["https:\/\/buergerbus-steinfurt.de\/?page_id=1359"]}]},{"@type":"BreadcrumbList","@id":"https:\/\/buergerbus-steinfurt.de\/?page_id=1359#breadcrumb","itemListElement":[{"@type":"ListItem","position":1,"name":"Startseite","item":"https:\/\/buergerbus-steinfurt.de\/"},{"@type":"ListItem","position":2,"name":"Vereinsbeitritt"}]},{"@type":"WebSite","@id":"https:\/\/buergerbus-steinfurt.de\/#website","url":"https:\/\/buergerbus-steinfurt.de\/","name":"B\u00dcRGERBUS STEINFURT","description":"","publisher":{"@id":"https:\/\/buergerbus-steinfurt.de\/#organization"},"potentialAction":[{"@type":"SearchAction","target":{"@type":"EntryPoint","urlTemplate":"https:\/\/buergerbus-steinfurt.de\/?s={search_term_string}"},"query-input":{"@type":"PropertyValueSpecification","valueRequired":true,"valueName":"search_term_string"}}],"inLanguage":"de"},{"@type":"Organization","@id":"https:\/\/buergerbus-steinfurt.de\/#organization","name":"B\u00fcrgerbus Steinfurt e.V.","url":"https:\/\/buergerbus-steinfurt.de\/","logo":{"@type":"ImageObject","inLanguage":"de","@id":"https:\/\/buergerbus-steinfurt.de\/#\/schema\/logo\/image\/","url":"https:\/\/buergerbus-steinfurt.de\/wp-content\/uploads\/2022\/08\/2bb-steinfurt-logo-neu.png","contentUrl":"https:\/\/buergerbus-steinfurt.de\/wp-content\/uploads\/2022\/08\/2bb-steinfurt-logo-neu.png","width":293,"height":75,"caption":"B\u00fcrgerbus Steinfurt e.V."},"image":{"@id":"https:\/\/buergerbus-steinfurt.de\/#\/schema\/logo\/image\/"}}]}},"_links":{"self":[{"href":"https:\/\/buergerbus-steinfurt.de\/index.php?rest_route=\/wp\/v2\/pages\/1359","targetHints":{"allow":["GET"]}}],"collection":[{"href":"https:\/\/buergerbus-steinfurt.de\/index.php?rest_route=\/wp\/v2\/pages"}],"about":[{"href":"https:\/\/buergerbus-steinfurt.de\/index.php?rest_route=\/wp\/v2\/types\/page"}],"author":[{"embeddable":true,"href":"https:\/\/buergerbus-steinfurt.de\/index.php?rest_route=\/wp\/v2\/users\/1"}],"replies":[{"embeddable":true,"href":"https:\/\/buergerbus-steinfurt.de\/index.php?rest_route=%2Fwp%2Fv2%2Fcomments&post=1359"}],"version-history":[{"count":26,"href":"https:\/\/buergerbus-steinfurt.de\/index.php?rest_route=\/wp\/v2\/pages\/1359\/revisions"}],"predecessor-version":[{"id":5356,"href":"https:\/\/buergerbus-steinfurt.de\/index.php?rest_route=\/wp\/v2\/pages\/1359\/revisions\/5356"}],"wp:attachment":[{"href":"https:\/\/buergerbus-steinfurt.de\/index.php?rest_route=%2Fwp%2Fv2%2Fmedia&parent=1359"}],"curies":[{"name":"wp","href":"https:\/\/api.w.org\/{rel}","templated":true}]}}