{"id":1305,"date":"2017-03-07T08:46:42","date_gmt":"2017-03-07T08:46:42","guid":{"rendered":"http:\/\/demo-df41a8f1.buergerbus-steinfurt.de\/?page_id=1305"},"modified":"2025-12-15T19:15:35","modified_gmt":"2025-12-15T19:15:35","slug":"einsatzplaene","status":"publish","type":"page","link":"https:\/\/buergerbus-steinfurt.de\/?page_id=1305","title":{"rendered":"Einsatzpl\u00e4ne"},"content":{"rendered":"","protected":true},"excerpt":{"rendered":"","protected":true},"author":1,"featured_media":0,"parent":0,"menu_order":0,"comment_status":"closed","ping_status":"closed","template":"","meta":{"footnotes":""},"class_list":["post-1305","page","type-page","status-publish","post-password-required","hentry"],"yoast_head":"<!-- This site is optimized with the Yoast SEO plugin v27.4 - https:\/\/yoast.com\/product\/yoast-seo-wordpress\/ -->\n<title>Einsatzpl\u00e4ne - B\u00fcrgerbus Steinfurt<\/title>\n<meta name=\"robots\" content=\"index, follow, max-snippet:-1, max-image-preview:large, max-video-preview:-1\" \/>\n<link rel=\"canonical\" href=\"https:\/\/buergerbus-steinfurt.de\/?page_id=1305\" \/>\n<meta property=\"og:locale\" content=\"de_DE\" \/>\n<meta property=\"og:type\" content=\"article\" \/>\n<meta property=\"og:title\" content=\"Einsatzpl\u00e4ne - B\u00fcrgerbus Steinfurt\" \/>\n<meta property=\"og:description\" content=\"Es gibt keinen Textauszug, da dies ein gesch\u00fctzter Beitrag ist.\" \/>\n<meta property=\"og:url\" content=\"https:\/\/buergerbus-steinfurt.de\/?page_id=1305\" \/>\n<meta property=\"og:site_name\" content=\"B\u00fcrgerbus Steinfurt\" \/>\n<meta property=\"article:modified_time\" content=\"2025-12-15T19:15:35+00:00\" \/>\n<meta name=\"twitter:card\" content=\"summary_large_image\" \/>\n<meta name=\"twitter:label1\" content=\"Gesch\u00e4tzte Lesezeit\" \/>\n\t<meta name=\"twitter:data1\" content=\"1\u00a0Minute\" \/>\n<script type=\"application\/ld+json\" class=\"yoast-schema-graph\">{\"@context\":\"https:\\\/\\\/schema.org\",\"@graph\":[{\"@type\":\"WebPage\",\"@id\":\"https:\\\/\\\/buergerbus-steinfurt.de\\\/?page_id=1305\",\"url\":\"https:\\\/\\\/buergerbus-steinfurt.de\\\/?page_id=1305\",\"name\":\"Einsatzpl\u00e4ne - B\u00fcrgerbus Steinfurt\",\"isPartOf\":{\"@id\":\"https:\\\/\\\/buergerbus-steinfurt.de\\\/#website\"},\"datePublished\":\"2017-03-07T08:46:42+00:00\",\"dateModified\":\"2025-12-15T19:15:35+00:00\",\"breadcrumb\":{\"@id\":\"https:\\\/\\\/buergerbus-steinfurt.de\\\/?page_id=1305#breadcrumb\"},\"inLanguage\":\"de\"},{\"@type\":\"WebSite\",\"@id\":\"https:\\\/\\\/buergerbus-steinfurt.de\\\/#website\",\"url\":\"https:\\\/\\\/buergerbus-steinfurt.de\\\/\",\"name\":\"B\u00dcRGERBUS STEINFURT\",\"description\":\"\",\"publisher\":{\"@id\":\"https:\\\/\\\/buergerbus-steinfurt.de\\\/#organization\"},\"potentialAction\":[{\"@type\":\"SearchAction\",\"target\":{\"@type\":\"EntryPoint\",\"urlTemplate\":\"https:\\\/\\\/buergerbus-steinfurt.de\\\/?s={search_term_string}\"},\"query-input\":{\"@type\":\"PropertyValueSpecification\",\"valueRequired\":true,\"valueName\":\"search_term_string\"}}],\"inLanguage\":\"de\"},{\"@type\":\"Organization\",\"@id\":\"https:\\\/\\\/buergerbus-steinfurt.de\\\/#organization\",\"name\":\"B\u00fcrgerbus Steinfurt e.V.\",\"url\":\"https:\\\/\\\/buergerbus-steinfurt.de\\\/\",\"logo\":{\"@type\":\"ImageObject\",\"inLanguage\":\"de\",\"@id\":\"https:\\\/\\\/buergerbus-steinfurt.de\\\/#\\\/schema\\\/logo\\\/image\\\/\",\"url\":\"https:\\\/\\\/buergerbus-steinfurt.de\\\/wp-content\\\/uploads\\\/2022\\\/08\\\/2bb-steinfurt-logo-neu.png\",\"contentUrl\":\"https:\\\/\\\/buergerbus-steinfurt.de\\\/wp-content\\\/uploads\\\/2022\\\/08\\\/2bb-steinfurt-logo-neu.png\",\"width\":293,\"height\":75,\"caption\":\"B\u00fcrgerbus Steinfurt e.V.\"},\"image\":{\"@id\":\"https:\\\/\\\/buergerbus-steinfurt.de\\\/#\\\/schema\\\/logo\\\/image\\\/\"}}]}<\/script>\n<!-- \/ Yoast SEO plugin. -->","yoast_head_json":{"title":"Einsatzpl\u00e4ne - B\u00fcrgerbus Steinfurt","robots":{"index":"index","follow":"follow","max-snippet":"max-snippet:-1","max-image-preview":"max-image-preview:large","max-video-preview":"max-video-preview:-1"},"canonical":"https:\/\/buergerbus-steinfurt.de\/?page_id=1305","og_locale":"de_DE","og_type":"article","og_title":"Einsatzpl\u00e4ne - B\u00fcrgerbus Steinfurt","og_description":"Es gibt keinen Textauszug, da dies ein gesch\u00fctzter Beitrag ist.","og_url":"https:\/\/buergerbus-steinfurt.de\/?page_id=1305","og_site_name":"B\u00fcrgerbus Steinfurt","article_modified_time":"2025-12-15T19:15:35+00:00","twitter_card":"summary_large_image","twitter_misc":{"Gesch\u00e4tzte Lesezeit":"1\u00a0Minute"},"schema":{"@context":"https:\/\/schema.org","@graph":[{"@type":"WebPage","@id":"https:\/\/buergerbus-steinfurt.de\/?page_id=1305","url":"https:\/\/buergerbus-steinfurt.de\/?page_id=1305","name":"Einsatzpl\u00e4ne - B\u00fcrgerbus Steinfurt","isPartOf":{"@id":"https:\/\/buergerbus-steinfurt.de\/#website"},"datePublished":"2017-03-07T08:46:42+00:00","dateModified":"2025-12-15T19:15:35+00:00","breadcrumb":{"@id":"https:\/\/buergerbus-steinfurt.de\/?page_id=1305#breadcrumb"},"inLanguage":"de"},{"@type":"WebSite","@id":"https:\/\/buergerbus-steinfurt.de\/#website","url":"https:\/\/buergerbus-steinfurt.de\/","name":"B\u00dcRGERBUS STEINFURT","description":"","publisher":{"@id":"https:\/\/buergerbus-steinfurt.de\/#organization"},"potentialAction":[{"@type":"SearchAction","target":{"@type":"EntryPoint","urlTemplate":"https:\/\/buergerbus-steinfurt.de\/?s={search_term_string}"},"query-input":{"@type":"PropertyValueSpecification","valueRequired":true,"valueName":"search_term_string"}}],"inLanguage":"de"},{"@type":"Organization","@id":"https:\/\/buergerbus-steinfurt.de\/#organization","name":"B\u00fcrgerbus Steinfurt e.V.","url":"https:\/\/buergerbus-steinfurt.de\/","logo":{"@type":"ImageObject","inLanguage":"de","@id":"https:\/\/buergerbus-steinfurt.de\/#\/schema\/logo\/image\/","url":"https:\/\/buergerbus-steinfurt.de\/wp-content\/uploads\/2022\/08\/2bb-steinfurt-logo-neu.png","contentUrl":"https:\/\/buergerbus-steinfurt.de\/wp-content\/uploads\/2022\/08\/2bb-steinfurt-logo-neu.png","width":293,"height":75,"caption":"B\u00fcrgerbus Steinfurt e.V."},"image":{"@id":"https:\/\/buergerbus-steinfurt.de\/#\/schema\/logo\/image\/"}}]}},"_links":{"self":[{"href":"https:\/\/buergerbus-steinfurt.de\/index.php?rest_route=\/wp\/v2\/pages\/1305","targetHints":{"allow":["GET"]}}],"collection":[{"href":"https:\/\/buergerbus-steinfurt.de\/index.php?rest_route=\/wp\/v2\/pages"}],"about":[{"href":"https:\/\/buergerbus-steinfurt.de\/index.php?rest_route=\/wp\/v2\/types\/page"}],"author":[{"embeddable":true,"href":"https:\/\/buergerbus-steinfurt.de\/index.php?rest_route=\/wp\/v2\/users\/1"}],"replies":[{"embeddable":true,"href":"https:\/\/buergerbus-steinfurt.de\/index.php?rest_route=%2Fwp%2Fv2%2Fcomments&post=1305"}],"version-history":[{"count":26,"href":"https:\/\/buergerbus-steinfurt.de\/index.php?rest_route=\/wp\/v2\/pages\/1305\/revisions"}],"predecessor-version":[{"id":5278,"href":"https:\/\/buergerbus-steinfurt.de\/index.php?rest_route=\/wp\/v2\/pages\/1305\/revisions\/5278"}],"wp:attachment":[{"href":"https:\/\/buergerbus-steinfurt.de\/index.php?rest_route=%2Fwp%2Fv2%2Fmedia&parent=1305"}],"curies":[{"name":"wp","href":"https:\/\/api.w.org\/{rel}","templated":true}]}}